{"id":352,"date":"2018-07-02T20:41:06","date_gmt":"2018-07-02T20:41:06","guid":{"rendered":"http:\/\/www.frvisuals.com\/?page_id=352"},"modified":"2019-10-20T11:07:45","modified_gmt":"2019-10-20T11:07:45","slug":"formation","status":"publish","type":"page","link":"https:\/\/www.frvisuals.com\/en\/formation","title":{"rendered":"Training"},"content":{"rendered":"<p><div class=\"section-full-width section-light\" style=\"background-color:#f7f7f7;\" id=\"trainingcontrolampvideoedition\"><div style=\"background-image:url(http:\/\/www.frvisuals.com\/wp-content\/uploads\/2018\/04\/DJI_0028.jpg); opacity:0.5; filter: alpha(opacity=50);\" class=\"full-bg-image\" ><\/div><div class=\"section-boxed\" style=\"color:#777777;\"><h4 style=\"color:#252525;\" class=\"sub-title\">Safety | Control | Edition<\/h4><h2 class=\"section-title\" style=\"color:#252525;\">Training Control &amp; Video edition<\/h2><\/p>\n<div class=\"cols-wrapper cols-2 two3-one3\">\n<div class=\"col\">\n<div class=\"services-wrapper services-default cols-wrapper cols-2 pexeto-parallax\"><div class=\"services-box col services-no-content\"><div class=\"img-container\"><img decoding=\"async\" src=\"http:\/\/www.frvisuals.com\/wp-content\/uploads\/2018\/07\/Formation_FRVisuals-5-569x379.jpg\" alt=\"\"\/><\/div><div class=\"services-content\"><div class=\"sc-wraper\"><\/div><\/div><\/div><div class=\"services-box col nomargin services-no-content\"><div class=\"img-container\"><img decoding=\"async\" src=\"http:\/\/www.frvisuals.com\/wp-content\/uploads\/2018\/07\/Formation_FRVisuals-4-569x379.jpg\" alt=\"\"\/><\/div><div class=\"services-content\"><div class=\"sc-wraper\"><\/div><\/div><\/div><div class=\"clear\"><\/div><\/div>\n<\/div>\n<div class=\"col margin\" style=\"margin-top: 30px; background-color: #585858; opacity: 0.6; background-size: 80% 80%; color: white;\">\n<p style=\"text-align: center; padding: 20px;\"><span style=\"font-size: 12pt; font-family: 'trebuchet ms', geneva, sans-serif;\">&#8220;Florent is an outstanding trainer, patient, simple, I can&#8217;t wait to experiment my new skills.&#8221;<\/span><\/p>\n<p style=\"text-align: right; padding: 20px;\"><span style=\"font-size: 10pt; font-family: 'trebuchet ms', geneva, sans-serif;\"><strong>S\u00e9bastien Perchet<\/strong>, <em>Entreprenor, Barcelona<\/em><\/span><\/p>\n<\/div>\n<\/div>\n<p style=\"text-align: center;\"><a class=\"button\" href=\"\/contact\">ORGANIZE YOUR TRAINING<\/a>&nbsp;<\/p>\n<p>&nbsp;<br \/>\n<div class=\"video-wrap\"><iframe loading=\"lazy\" width=\"200\" height=\"113\" src=\"https:\/\/www.youtube.com\/embed\/TxcgmWkbMaA?feature=oembed\" frameborder=\"0\" allow=\"autoplay; encrypted-media\" allowfullscreen><\/iframe><\/div>\n<\/p>\n<p>&nbsp;<\/p>\n<p>\n<\/div><\/div><\/p>\n<p><\/p>","protected":false},"excerpt":{"rendered":"","protected":false},"author":1,"featured_media":354,"parent":0,"menu_order":0,"comment_status":"closed","ping_status":"closed","template":"template-full-custom.php","meta":{"_exactmetrics_skip_tracking":false,"_exactmetrics_sitenote_active":false,"_exactmetrics_sitenote_note":"","_exactmetrics_sitenote_category":0,"ngg_post_thumbnail":0,"footnotes":""},"class_list":["post-352","page","type-page","status-publish","has-post-thumbnail","hentry"],"yoast_head":"<!-- This site is optimized with the Yoast SEO plugin v22.5 - https:\/\/yoast.com\/wordpress\/plugins\/seo\/ -->\n<title>Formation Drone Bordeaux | FR Visuals Drone Photography &amp; Video Solutions<\/title>\n<meta name=\"description\" content=\"Vous souhaitez vous former ou vous perfectionner au pilotage drone pour r\u00e9aliser des photographies ou vid\u00e9o professionnelles, participez \u00e0 notre stage.\" \/>\n<meta name=\"robots\" content=\"index, follow, max-snippet:-1, max-image-preview:large, max-video-preview:-1\" \/>\n<link rel=\"canonical\" href=\"https:\/\/www.frvisuals.com\/formation\" \/>\n<meta property=\"og:locale\" content=\"en_US\" \/>\n<meta property=\"og:type\" content=\"article\" \/>\n<meta property=\"og:title\" content=\"Formation Drone Bordeaux | FR Visuals Drone Photography &amp; Video Solutions\" \/>\n<meta property=\"og:description\" content=\"Vous souhaitez vous former ou vous perfectionner au pilotage drone pour r\u00e9aliser des photographies ou vid\u00e9o professionnelles, participez \u00e0 notre stage.\" \/>\n<meta property=\"og:url\" content=\"https:\/\/www.frvisuals.com\/formation\" \/>\n<meta property=\"og:site_name\" content=\"FR Visuals Drone Photography &amp; Video Solutions\" \/>\n<meta property=\"article:publisher\" content=\"http:\/\/facebook.com\/frvisuals.fr\" \/>\n<meta property=\"article:modified_time\" content=\"2019-10-20T11:07:45+00:00\" \/>\n<meta property=\"og:image\" content=\"https:\/\/www.frvisuals.com\/wp-content\/uploads\/2018\/07\/Formation_FRVisuals-1-1024x768.jpg\" \/>\n\t<meta property=\"og:image:width\" content=\"1024\" \/>\n\t<meta property=\"og:image:height\" content=\"768\" \/>\n\t<meta property=\"og:image:type\" content=\"image\/jpeg\" \/>\n<meta name=\"twitter:card\" content=\"summary_large_image\" \/>\n<meta name=\"twitter:label1\" content=\"Est. reading time\" \/>\n\t<meta name=\"twitter:data1\" content=\"2 minutes\" \/>\n<script type=\"application\/ld+json\" class=\"yoast-schema-graph\">{\"@context\":\"https:\/\/schema.org\",\"@graph\":[{\"@type\":\"WebPage\",\"@id\":\"https:\/\/www.frvisuals.com\/formation\",\"url\":\"https:\/\/www.frvisuals.com\/formation\",\"name\":\"Formation Drone Bordeaux | FR Visuals Drone Photography &amp; Video Solutions\",\"isPartOf\":{\"@id\":\"https:\/\/www.frvisuals.com\/en\/#website\"},\"primaryImageOfPage\":{\"@id\":\"https:\/\/www.frvisuals.com\/formation#primaryimage\"},\"image\":{\"@id\":\"https:\/\/www.frvisuals.com\/formation#primaryimage\"},\"thumbnailUrl\":\"https:\/\/www.frvisuals.com\/wp-content\/uploads\/2018\/07\/TxcgmWkbMaA.jpg\",\"datePublished\":\"2018-07-02T20:41:06+00:00\",\"dateModified\":\"2019-10-20T11:07:45+00:00\",\"description\":\"Vous souhaitez vous former ou vous perfectionner au pilotage drone pour r\u00e9aliser des photographies ou vid\u00e9o professionnelles, participez \u00e0 notre stage.\",\"breadcrumb\":{\"@id\":\"https:\/\/www.frvisuals.com\/formation#breadcrumb\"},\"inLanguage\":\"en-US\",\"potentialAction\":[{\"@type\":\"ReadAction\",\"target\":[\"https:\/\/www.frvisuals.com\/formation\"]}]},{\"@type\":\"ImageObject\",\"inLanguage\":\"en-US\",\"@id\":\"https:\/\/www.frvisuals.com\/formation#primaryimage\",\"url\":\"https:\/\/www.frvisuals.com\/wp-content\/uploads\/2018\/07\/TxcgmWkbMaA.jpg\",\"contentUrl\":\"https:\/\/www.frvisuals.com\/wp-content\/uploads\/2018\/07\/TxcgmWkbMaA.jpg\",\"width\":1280,\"height\":720},{\"@type\":\"BreadcrumbList\",\"@id\":\"https:\/\/www.frvisuals.com\/formation#breadcrumb\",\"itemListElement\":[{\"@type\":\"ListItem\",\"position\":1,\"name\":\"Accueil\",\"item\":\"https:\/\/www.frvisuals.com\/en\/\"},{\"@type\":\"ListItem\",\"position\":2,\"name\":\"Formation\"}]},{\"@type\":\"WebSite\",\"@id\":\"https:\/\/www.frvisuals.com\/en\/#website\",\"url\":\"https:\/\/www.frvisuals.com\/en\/\",\"name\":\"FR Visuals Drone Photography &amp; Solutions\",\"description\":\"Laissez votre imagination s&#039;envoler\",\"publisher\":{\"@id\":\"https:\/\/www.frvisuals.com\/en\/#organization\"},\"potentialAction\":[{\"@type\":\"SearchAction\",\"target\":{\"@type\":\"EntryPoint\",\"urlTemplate\":\"https:\/\/www.frvisuals.com\/en\/?s={search_term_string}\"},\"query-input\":\"required name=search_term_string\"}],\"inLanguage\":\"en-US\"},{\"@type\":\"Organization\",\"@id\":\"https:\/\/www.frvisuals.com\/en\/#organization\",\"name\":\"FR Visuals\",\"url\":\"https:\/\/www.frvisuals.com\/en\/\",\"logo\":{\"@type\":\"ImageObject\",\"inLanguage\":\"en-US\",\"@id\":\"https:\/\/www.frvisuals.com\/en\/#\/schema\/logo\/image\/\",\"url\":\"https:\/\/www.frvisuals.com\/wp-content\/uploads\/2018\/03\/FRVisuals_Logo_vectorized-black.png\",\"contentUrl\":\"https:\/\/www.frvisuals.com\/wp-content\/uploads\/2018\/03\/FRVisuals_Logo_vectorized-black.png\",\"width\":2442,\"height\":793,\"caption\":\"FR Visuals\"},\"image\":{\"@id\":\"https:\/\/www.frvisuals.com\/en\/#\/schema\/logo\/image\/\"},\"sameAs\":[\"http:\/\/facebook.com\/frvisuals.fr\",\"http:\/\/instagram.com\/frvisuals\",\"http:\/\/youtube.com\/flawlesstrip\"]}]}<\/script>\n<!-- \/ Yoast SEO plugin. -->","yoast_head_json":{"title":"Formation Drone Bordeaux | FR Visuals Drone Photography &amp; Video Solutions","description":"Vous souhaitez vous former ou vous perfectionner au pilotage drone pour r\u00e9aliser des photographies ou vid\u00e9o professionnelles, participez \u00e0 notre stage.","robots":{"index":"index","follow":"follow","max-snippet":"max-snippet:-1","max-image-preview":"max-image-preview:large","max-video-preview":"max-video-preview:-1"},"canonical":"https:\/\/www.frvisuals.com\/formation","og_locale":"en_US","og_type":"article","og_title":"Formation Drone Bordeaux | FR Visuals Drone Photography &amp; Video Solutions","og_description":"Vous souhaitez vous former ou vous perfectionner au pilotage drone pour r\u00e9aliser des photographies ou vid\u00e9o professionnelles, participez \u00e0 notre stage.","og_url":"https:\/\/www.frvisuals.com\/formation","og_site_name":"FR Visuals Drone Photography &amp; Video Solutions","article_publisher":"http:\/\/facebook.com\/frvisuals.fr","article_modified_time":"2019-10-20T11:07:45+00:00","og_image":[{"width":1024,"height":768,"url":"https:\/\/www.frvisuals.com\/wp-content\/uploads\/2018\/07\/Formation_FRVisuals-1-1024x768.jpg","type":"image\/jpeg"}],"twitter_card":"summary_large_image","twitter_misc":{"Est. reading time":"2 minutes"},"schema":{"@context":"https:\/\/schema.org","@graph":[{"@type":"WebPage","@id":"https:\/\/www.frvisuals.com\/formation","url":"https:\/\/www.frvisuals.com\/formation","name":"Formation Drone Bordeaux | FR Visuals Drone Photography &amp; Video Solutions","isPartOf":{"@id":"https:\/\/www.frvisuals.com\/en\/#website"},"primaryImageOfPage":{"@id":"https:\/\/www.frvisuals.com\/formation#primaryimage"},"image":{"@id":"https:\/\/www.frvisuals.com\/formation#primaryimage"},"thumbnailUrl":"https:\/\/www.frvisuals.com\/wp-content\/uploads\/2018\/07\/TxcgmWkbMaA.jpg","datePublished":"2018-07-02T20:41:06+00:00","dateModified":"2019-10-20T11:07:45+00:00","description":"Vous souhaitez vous former ou vous perfectionner au pilotage drone pour r\u00e9aliser des photographies ou vid\u00e9o professionnelles, participez \u00e0 notre stage.","breadcrumb":{"@id":"https:\/\/www.frvisuals.com\/formation#breadcrumb"},"inLanguage":"en-US","potentialAction":[{"@type":"ReadAction","target":["https:\/\/www.frvisuals.com\/formation"]}]},{"@type":"ImageObject","inLanguage":"en-US","@id":"https:\/\/www.frvisuals.com\/formation#primaryimage","url":"https:\/\/www.frvisuals.com\/wp-content\/uploads\/2018\/07\/TxcgmWkbMaA.jpg","contentUrl":"https:\/\/www.frvisuals.com\/wp-content\/uploads\/2018\/07\/TxcgmWkbMaA.jpg","width":1280,"height":720},{"@type":"BreadcrumbList","@id":"https:\/\/www.frvisuals.com\/formation#breadcrumb","itemListElement":[{"@type":"ListItem","position":1,"name":"Accueil","item":"https:\/\/www.frvisuals.com\/en\/"},{"@type":"ListItem","position":2,"name":"Formation"}]},{"@type":"WebSite","@id":"https:\/\/www.frvisuals.com\/en\/#website","url":"https:\/\/www.frvisuals.com\/en\/","name":"FR Visuals Drone Photography &amp; Solutions","description":"Laissez votre imagination s&#039;envoler","publisher":{"@id":"https:\/\/www.frvisuals.com\/en\/#organization"},"potentialAction":[{"@type":"SearchAction","target":{"@type":"EntryPoint","urlTemplate":"https:\/\/www.frvisuals.com\/en\/?s={search_term_string}"},"query-input":"required name=search_term_string"}],"inLanguage":"en-US"},{"@type":"Organization","@id":"https:\/\/www.frvisuals.com\/en\/#organization","name":"FR Visuals","url":"https:\/\/www.frvisuals.com\/en\/","logo":{"@type":"ImageObject","inLanguage":"en-US","@id":"https:\/\/www.frvisuals.com\/en\/#\/schema\/logo\/image\/","url":"https:\/\/www.frvisuals.com\/wp-content\/uploads\/2018\/03\/FRVisuals_Logo_vectorized-black.png","contentUrl":"https:\/\/www.frvisuals.com\/wp-content\/uploads\/2018\/03\/FRVisuals_Logo_vectorized-black.png","width":2442,"height":793,"caption":"FR Visuals"},"image":{"@id":"https:\/\/www.frvisuals.com\/en\/#\/schema\/logo\/image\/"},"sameAs":["http:\/\/facebook.com\/frvisuals.fr","http:\/\/instagram.com\/frvisuals","http:\/\/youtube.com\/flawlesstrip"]}]}},"_links":{"self":[{"href":"https:\/\/www.frvisuals.com\/en\/wp-json\/wp\/v2\/pages\/352","targetHints":{"allow":["GET"]}}],"collection":[{"href":"https:\/\/www.frvisuals.com\/en\/wp-json\/wp\/v2\/pages"}],"about":[{"href":"https:\/\/www.frvisuals.com\/en\/wp-json\/wp\/v2\/types\/page"}],"author":[{"embeddable":true,"href":"https:\/\/www.frvisuals.com\/en\/wp-json\/wp\/v2\/users\/1"}],"replies":[{"embeddable":true,"href":"https:\/\/www.frvisuals.com\/en\/wp-json\/wp\/v2\/comments?post=352"}],"version-history":[{"count":40,"href":"https:\/\/www.frvisuals.com\/en\/wp-json\/wp\/v2\/pages\/352\/revisions"}],"predecessor-version":[{"id":558,"href":"https:\/\/www.frvisuals.com\/en\/wp-json\/wp\/v2\/pages\/352\/revisions\/558"}],"wp:featuredmedia":[{"embeddable":true,"href":"https:\/\/www.frvisuals.com\/en\/wp-json\/wp\/v2\/media\/354"}],"wp:attachment":[{"href":"https:\/\/www.frvisuals.com\/en\/wp-json\/wp\/v2\/media?parent=352"}],"curies":[{"name":"wp","href":"https:\/\/api.w.org\/{rel}","templated":true}]}}