{"id":27,"date":"2018-03-21T14:29:51","date_gmt":"2018-03-21T14:29:51","guid":{"rendered":"http:\/\/www.frvisuals.com\/?page_id=27"},"modified":"2019-10-20T11:25:48","modified_gmt":"2019-10-20T11:25:48","slug":"services","status":"publish","type":"page","link":"https:\/\/www.frvisuals.com\/en\/services","title":{"rendered":"Services"},"content":{"rendered":"<p><div class=\"section-full-width section-light\" style=\"background-color:#f7f7f7;\" id=\"photoampvideoproduction\"><div class=\"section-boxed\" style=\"color:#777777;\"><h4 style=\"color:#252525;\" class=\"sub-title\">Creative Solutions with aerial shots<\/h4><h2 class=\"section-title\" style=\"color:#252525;\">Photo &amp; Video Production<\/h2><\/p>\n<p style=\"text-align: center;\"><strong>FRVisuals<\/strong> offer a full service of photo &amp; video production, from video shooting to post production. We are experts in <strong>professional real estate<\/strong> and personnel, <strong>luxury hotels<\/strong>, <strong>events<\/strong>, <strong>tourism<\/strong> and  <strong>branding<\/strong>. We are obviously open to every new challenge and will do everything we can to satisfy you.<\/p>\n<p style=\"text-align: center;\">We are using professional equipment that allows us to always be at the right place at the right moment : <strong>professionels camera<\/strong>, stabilisation systems, DSLR, <strong>drones<\/strong>, filters and more&#8230;<\/p>\n<p style=\"text-align: center;\">Drone using offer us the possibility to give to photography and cinematography a new <strong>breathtaking perspective<\/strong> for an <strong>affordable price<\/strong>.<\/p>\n<div class=\"services-wrapper services-default cols-wrapper cols-3\"><div class=\"services-box col\"><div class=\"img-container\"><img decoding=\"async\" src=\"http:\/\/www.frvisuals.com\/wp-content\/uploads\/2018\/10\/Gaume_Fougeres_Salon-3-368x245.jpg\" alt=\"Real Estate\"\/><\/div><div class=\"services-content\"><div class=\"sc-wraper\"><h3>Real Estate<\/h3><\/div><\/div><\/div><div class=\"services-box col\"><div class=\"img-container\"><img decoding=\"async\" src=\"http:\/\/www.frvisuals.com\/wp-content\/uploads\/2018\/04\/DJI_0256-368x245.jpg\" alt=\"Tourism\"\/><\/div><div class=\"services-content\"><div class=\"sc-wraper\"><h3>Tourism<\/h3><\/div><\/div><\/div><div class=\"services-box col nomargin\"><div class=\"img-container\"><img decoding=\"async\" src=\"http:\/\/www.frvisuals.com\/wp-content\/uploads\/2018\/04\/evenementiel-368x245.jpg\" alt=\"Events\"\/><\/div><div class=\"services-content\"><div class=\"sc-wraper\"><h3>Events<\/h3><\/div><\/div><\/div><div class=\"services-box col\"><div class=\"img-container\"><img decoding=\"async\" src=\"http:\/\/www.frvisuals.com\/wp-content\/uploads\/2018\/04\/DJI_0899-368x245.jpg\" alt=\"Luxury Hotels\"\/><\/div><div class=\"services-content\"><div class=\"sc-wraper\"><h3>Luxury Hotels<\/h3><\/div><\/div><\/div><div class=\"services-box col\"><div class=\"img-container\"><img decoding=\"async\" src=\"http:\/\/www.frvisuals.com\/wp-content\/uploads\/2018\/04\/DJI_0709-368x245.jpg\" alt=\"Branding\"\/><\/div><div class=\"services-content\"><div class=\"sc-wraper\"><h3>Branding<\/h3><\/div><\/div><\/div><div class=\"services-box col nomargin\"><div class=\"img-container\"><img decoding=\"async\" src=\"http:\/\/www.frvisuals.com\/wp-content\/uploads\/2018\/04\/construction-368x245.jpeg\" alt=\"Construction\"\/><\/div><div class=\"services-content\"><div class=\"sc-wraper\"><h3>Construction<\/h3><\/div><\/div><\/div><div class=\"clear\"><\/div><\/div>\n<p>&nbsp;<\/p>\n<p>\n<\/div><\/div><\/p>\n<div class=\"section-full-width section-dark parallax-fixed\" style=\"background-color:#252525;\" id=\"luxuryhotels\"><div style=\"background-image:url(http:\/\/www.frvisuals.com\/wp-content\/uploads\/2018\/04\/bluewater-resort-bohol-uwZjeive-PM.jpg); opacity:0.3; filter: alpha(opacity=30);\" class=\"full-bg-image\" ><\/div><div class=\"section-boxed\" style=\"color:#ffffff;\"><h2 class=\"section-title\" style=\"color:#ffffff;\">Luxury Hotels<\/h2><\/p>\n<p>&nbsp;<\/p>\n<div class=\"cols-wrapper cols-2\">\n<div class=\"col\">\n<div class=\"video-wrap\"><iframe loading=\"lazy\" width=\"200\" height=\"113\" src=\"https:\/\/www.youtube.com\/embed\/j2dVEQIKrds?feature=oembed\" frameborder=\"0\" allow=\"autoplay; encrypted-media\" allowfullscreen><\/iframe><\/div>\n\n<\/div>\n<div class=\"col nomargin\">\n<p>&nbsp;<\/p>\n<p style=\"text-align: center;\">You want an amazing <strong>promotional video for your hotel<\/strong> ?<br \/>\nWe are specialized in procuding promotional videos for 5* Hotels. Let outstanding images sell your place, emotion guaranteed !&nbsp;<\/p>\n<p>&nbsp;<\/p>\n<p style=\"text-align: center;\"><a class=\"button\" style=\"background-color: #ffc233;\" href=\"\/portfolio?cat=luxuryhotels\">Our Achievements<\/a> <a class=\"button\" style=\"background-color: #a1a1a1;\" href=\"\/contact\">GET A QUOTE<\/a><\/p>\n<p>&nbsp;<\/p>\n<\/div>\n<\/div>\n<p>&nbsp;<\/p>\n<p>\n<\/div><\/div>\n<div class=\"section-full-width section-light\" style=\"background-color:#FFFFFF;\" id=\"immobilier\"><div class=\"section-boxed\" style=\"color:#777777;\"><h4 style=\"color:#252525;\" class=\"sub-title\">REPORT  |  VIDEO  |  VIRTUAL VISIT<\/h4><h2 class=\"section-title\" style=\"color:#252525;\">Immobilier<\/h2><\/p>\n<p style=\"text-align: center;\"><strong>Real Estate photography<\/strong> is very specific and essential for the sale. Entrust us your photographic report, we will be able to show your property in its best day.<br \/>\nYou want to make a video of your exceptional property ? Make a virtual visit ? Everything is possible ! &nbsp;<\/p>\n<p>&nbsp;<\/p>\n<div class=\"cols-wrapper cols-3 aligncenter cols-default\" style=\"width: 70%; height: 230px;\">\n<div class=\"col\">\n<p><img loading=\"lazy\" decoding=\"async\" class=\"aligncenter wp-image-243 size-medium\" src=\"http:\/\/www.frvisuals.com\/wp-content\/uploads\/2018\/04\/Cinnamon2-1024x684-e1524760028745-300x226.jpg\" alt=\"\" width=\"300\" height=\"226\" srcset=\"https:\/\/www.frvisuals.com\/wp-content\/uploads\/2018\/04\/Cinnamon2-1024x684-e1524760028745-300x226.jpg 300w, https:\/\/www.frvisuals.com\/wp-content\/uploads\/2018\/04\/Cinnamon2-1024x684-e1524760028745-768x577.jpg 768w, https:\/\/www.frvisuals.com\/wp-content\/uploads\/2018\/04\/Cinnamon2-1024x684-e1524760028745-600x451.jpg 600w, https:\/\/www.frvisuals.com\/wp-content\/uploads\/2018\/04\/Cinnamon2-1024x684-e1524760028745.jpg 898w\" sizes=\"auto, (max-width: 300px) 100vw, 300px\" \/><\/p>\n<\/div>\n<div class=\"col\" style=\"text-align: center;\">\n<p><img loading=\"lazy\" decoding=\"async\" width=\"300\" height=\"225\" class=\"size-medium wp-image-257 aligncenter\" src=\"http:\/\/www.frvisuals.com\/wp-content\/uploads\/2018\/04\/P1011757-HDR-1-300x225.jpg\" alt=\"\" srcset=\"https:\/\/www.frvisuals.com\/wp-content\/uploads\/2018\/04\/P1011757-HDR-1-300x225.jpg 300w, https:\/\/www.frvisuals.com\/wp-content\/uploads\/2018\/04\/P1011757-HDR-1-768x576.jpg 768w, https:\/\/www.frvisuals.com\/wp-content\/uploads\/2018\/04\/P1011757-HDR-1-1024x768.jpg 1024w, https:\/\/www.frvisuals.com\/wp-content\/uploads\/2018\/04\/P1011757-HDR-1-600x450.jpg 600w\" sizes=\"auto, (max-width: 300px) 100vw, 300px\" \/><\/p>\n<\/div>\n<div class=\"col nomargin\">\n<p><img loading=\"lazy\" decoding=\"async\" width=\"300\" height=\"225\" class=\"size-medium wp-image-258 aligncenter\" src=\"http:\/\/www.frvisuals.com\/wp-content\/uploads\/2018\/04\/P1011854-HDR-300x225.jpg\" alt=\"\" srcset=\"https:\/\/www.frvisuals.com\/wp-content\/uploads\/2018\/04\/P1011854-HDR-300x225.jpg 300w, https:\/\/www.frvisuals.com\/wp-content\/uploads\/2018\/04\/P1011854-HDR-768x576.jpg 768w, https:\/\/www.frvisuals.com\/wp-content\/uploads\/2018\/04\/P1011854-HDR-1024x768.jpg 1024w, https:\/\/www.frvisuals.com\/wp-content\/uploads\/2018\/04\/P1011854-HDR-600x450.jpg 600w\" sizes=\"auto, (max-width: 300px) 100vw, 300px\" \/><\/p>\n<\/div>\n<\/div>\n<p style=\"text-align: center;\"><a class=\"button\" style=\"background-color: #b5b6b7;\" href=\"\/contact\">GET A QUOTE<\/a>&nbsp;<\/p>\n<p>&nbsp;<\/p>\n<p>\n<\/div><\/div>\n<div class=\"section-full-width section-dark parallax-fixed\" style=\"background-color:#252525;\" id=\"tourism\"><div style=\"background-image:url(http:\/\/www.frvisuals.com\/wp-content\/uploads\/2018\/04\/DJI_0912.jpg); opacity:0.4; filter: alpha(opacity=40);\" class=\"full-bg-image\" ><\/div><div class=\"section-boxed\" style=\"color:#ffffff;\"><h2 class=\"section-title\" style=\"color:#ffffff;\">Tourism<\/h2><p>&nbsp;<\/p>\n<div class=\"cols-wrapper cols-2\">\n<div class=\"col\">\n<div class=\"video-wrap\"><iframe loading=\"lazy\" width=\"200\" height=\"113\" src=\"https:\/\/www.youtube.com\/embed\/lMHj6VPJRq8?feature=oembed\" frameborder=\"0\" allow=\"autoplay; encrypted-media\" allowfullscreen><\/iframe><\/div>\n\n<\/div>\n<div class=\"col nomargin\">\n<p>&nbsp;<\/p>\n<p style=\"text-align: center;\">You want to make a video of an <strong>activity<\/strong>, an <strong>organized tour<\/strong>, a <strong>trip<\/strong> ?<br \/>\nWe loooove that !<\/p>\n<p>&nbsp;<\/p>\n<p style=\"text-align: center;\"><a class=\"button\" style=\"background-color: #ffcf33;\" href=\"\/portfolio?cat=travel\">Our Achievements<\/a>&nbsp;<a class=\"button\" style=\"background-color: #b5b6b7;\" href=\"\/contact\">Get a quote<\/a>&nbsp;<\/p>\n<p>&nbsp;<\/p>\n<\/div>\n<\/div>\n<p>\n<\/div><\/div><\/p>","protected":false},"excerpt":{"rendered":"","protected":false},"author":1,"featured_media":555,"parent":0,"menu_order":0,"comment_status":"closed","ping_status":"closed","template":"template-full-custom.php","meta":{"_exactmetrics_skip_tracking":false,"_exactmetrics_sitenote_active":false,"_exactmetrics_sitenote_note":"","_exactmetrics_sitenote_category":0,"ngg_post_thumbnail":0,"footnotes":""},"class_list":["post-27","page","type-page","status-publish","has-post-thumbnail","hentry"],"yoast_head":"<!-- This site is optimized with the Yoast SEO plugin v22.5 - https:\/\/yoast.com\/wordpress\/plugins\/seo\/ -->\n<title>Services | FR Visuals Drone Photography &amp; Video Solutions<\/title>\n<meta name=\"description\" content=\"Nous sommes sp\u00e9cialis\u00e9s dans de nombreux domaines et offront des services \u00e0 la carte et de qualit\u00e9 : Photographie, r\u00e9alisation vid\u00e9o, post-production....\" \/>\n<meta name=\"robots\" content=\"index, follow, max-snippet:-1, max-image-preview:large, max-video-preview:-1\" \/>\n<link rel=\"canonical\" href=\"https:\/\/www.frvisuals.com\/services\" \/>\n<meta property=\"og:locale\" content=\"en_US\" \/>\n<meta property=\"og:type\" content=\"article\" \/>\n<meta property=\"og:title\" content=\"Services | FR Visuals Drone Photography &amp; Video Solutions\" \/>\n<meta property=\"og:description\" content=\"Nous sommes sp\u00e9cialis\u00e9s dans de nombreux domaines et offront des services \u00e0 la carte et de qualit\u00e9 : Photographie, r\u00e9alisation vid\u00e9o, post-production....\" \/>\n<meta property=\"og:url\" content=\"https:\/\/www.frvisuals.com\/services\" \/>\n<meta property=\"og:site_name\" content=\"FR Visuals Drone Photography &amp; Video Solutions\" \/>\n<meta property=\"article:publisher\" content=\"http:\/\/facebook.com\/frvisuals.fr\" \/>\n<meta property=\"article:modified_time\" content=\"2019-10-20T11:25:48+00:00\" \/>\n<meta property=\"og:image\" content=\"https:\/\/www.frvisuals.com\/wp-content\/uploads\/2019\/10\/Frvisuals.com_-1.jpg\" \/>\n\t<meta property=\"og:image:width\" content=\"840\" \/>\n\t<meta property=\"og:image:height\" content=\"630\" \/>\n\t<meta property=\"og:image:type\" content=\"image\/jpeg\" \/>\n<meta name=\"twitter:card\" content=\"summary_large_image\" \/>\n<meta name=\"twitter:label1\" content=\"Est. reading time\" \/>\n\t<meta name=\"twitter:data1\" content=\"5 minutes\" \/>\n<script type=\"application\/ld+json\" class=\"yoast-schema-graph\">{\"@context\":\"https:\/\/schema.org\",\"@graph\":[{\"@type\":\"WebPage\",\"@id\":\"https:\/\/www.frvisuals.com\/services\",\"url\":\"https:\/\/www.frvisuals.com\/services\",\"name\":\"Services | FR Visuals Drone Photography &amp; Video Solutions\",\"isPartOf\":{\"@id\":\"https:\/\/www.frvisuals.com\/en\/#website\"},\"primaryImageOfPage\":{\"@id\":\"https:\/\/www.frvisuals.com\/services#primaryimage\"},\"image\":{\"@id\":\"https:\/\/www.frvisuals.com\/services#primaryimage\"},\"thumbnailUrl\":\"https:\/\/www.frvisuals.com\/wp-content\/uploads\/2019\/10\/Frvisuals.com_-1.jpg\",\"datePublished\":\"2018-03-21T14:29:51+00:00\",\"dateModified\":\"2019-10-20T11:25:48+00:00\",\"description\":\"Nous sommes sp\u00e9cialis\u00e9s dans de nombreux domaines et offront des services \u00e0 la carte et de qualit\u00e9 : Photographie, r\u00e9alisation vid\u00e9o, post-production....\",\"breadcrumb\":{\"@id\":\"https:\/\/www.frvisuals.com\/services#breadcrumb\"},\"inLanguage\":\"en-US\",\"potentialAction\":[{\"@type\":\"ReadAction\",\"target\":[\"https:\/\/www.frvisuals.com\/services\"]}]},{\"@type\":\"ImageObject\",\"inLanguage\":\"en-US\",\"@id\":\"https:\/\/www.frvisuals.com\/services#primaryimage\",\"url\":\"https:\/\/www.frvisuals.com\/wp-content\/uploads\/2019\/10\/Frvisuals.com_-1.jpg\",\"contentUrl\":\"https:\/\/www.frvisuals.com\/wp-content\/uploads\/2019\/10\/Frvisuals.com_-1.jpg\",\"width\":840,\"height\":630},{\"@type\":\"BreadcrumbList\",\"@id\":\"https:\/\/www.frvisuals.com\/services#breadcrumb\",\"itemListElement\":[{\"@type\":\"ListItem\",\"position\":1,\"name\":\"Accueil\",\"item\":\"https:\/\/www.frvisuals.com\/en\/\"},{\"@type\":\"ListItem\",\"position\":2,\"name\":\"Services\"}]},{\"@type\":\"WebSite\",\"@id\":\"https:\/\/www.frvisuals.com\/en\/#website\",\"url\":\"https:\/\/www.frvisuals.com\/en\/\",\"name\":\"FR Visuals Drone Photography &amp; Solutions\",\"description\":\"Laissez votre imagination s&#039;envoler\",\"publisher\":{\"@id\":\"https:\/\/www.frvisuals.com\/en\/#organization\"},\"potentialAction\":[{\"@type\":\"SearchAction\",\"target\":{\"@type\":\"EntryPoint\",\"urlTemplate\":\"https:\/\/www.frvisuals.com\/en\/?s={search_term_string}\"},\"query-input\":\"required name=search_term_string\"}],\"inLanguage\":\"en-US\"},{\"@type\":\"Organization\",\"@id\":\"https:\/\/www.frvisuals.com\/en\/#organization\",\"name\":\"FR Visuals\",\"url\":\"https:\/\/www.frvisuals.com\/en\/\",\"logo\":{\"@type\":\"ImageObject\",\"inLanguage\":\"en-US\",\"@id\":\"https:\/\/www.frvisuals.com\/en\/#\/schema\/logo\/image\/\",\"url\":\"https:\/\/www.frvisuals.com\/wp-content\/uploads\/2018\/03\/FRVisuals_Logo_vectorized-black.png\",\"contentUrl\":\"https:\/\/www.frvisuals.com\/wp-content\/uploads\/2018\/03\/FRVisuals_Logo_vectorized-black.png\",\"width\":2442,\"height\":793,\"caption\":\"FR Visuals\"},\"image\":{\"@id\":\"https:\/\/www.frvisuals.com\/en\/#\/schema\/logo\/image\/\"},\"sameAs\":[\"http:\/\/facebook.com\/frvisuals.fr\",\"http:\/\/instagram.com\/frvisuals\",\"http:\/\/youtube.com\/flawlesstrip\"]}]}<\/script>\n<!-- \/ Yoast SEO plugin. -->","yoast_head_json":{"title":"Services | FR Visuals Drone Photography &amp; Video Solutions","description":"Nous sommes sp\u00e9cialis\u00e9s dans de nombreux domaines et offront des services \u00e0 la carte et de qualit\u00e9 : Photographie, r\u00e9alisation vid\u00e9o, post-production....","robots":{"index":"index","follow":"follow","max-snippet":"max-snippet:-1","max-image-preview":"max-image-preview:large","max-video-preview":"max-video-preview:-1"},"canonical":"https:\/\/www.frvisuals.com\/services","og_locale":"en_US","og_type":"article","og_title":"Services | FR Visuals Drone Photography &amp; Video Solutions","og_description":"Nous sommes sp\u00e9cialis\u00e9s dans de nombreux domaines et offront des services \u00e0 la carte et de qualit\u00e9 : Photographie, r\u00e9alisation vid\u00e9o, post-production....","og_url":"https:\/\/www.frvisuals.com\/services","og_site_name":"FR Visuals Drone Photography &amp; Video Solutions","article_publisher":"http:\/\/facebook.com\/frvisuals.fr","article_modified_time":"2019-10-20T11:25:48+00:00","og_image":[{"width":840,"height":630,"url":"https:\/\/www.frvisuals.com\/wp-content\/uploads\/2019\/10\/Frvisuals.com_-1.jpg","type":"image\/jpeg"}],"twitter_card":"summary_large_image","twitter_misc":{"Est. reading time":"5 minutes"},"schema":{"@context":"https:\/\/schema.org","@graph":[{"@type":"WebPage","@id":"https:\/\/www.frvisuals.com\/services","url":"https:\/\/www.frvisuals.com\/services","name":"Services | FR Visuals Drone Photography &amp; Video Solutions","isPartOf":{"@id":"https:\/\/www.frvisuals.com\/en\/#website"},"primaryImageOfPage":{"@id":"https:\/\/www.frvisuals.com\/services#primaryimage"},"image":{"@id":"https:\/\/www.frvisuals.com\/services#primaryimage"},"thumbnailUrl":"https:\/\/www.frvisuals.com\/wp-content\/uploads\/2019\/10\/Frvisuals.com_-1.jpg","datePublished":"2018-03-21T14:29:51+00:00","dateModified":"2019-10-20T11:25:48+00:00","description":"Nous sommes sp\u00e9cialis\u00e9s dans de nombreux domaines et offront des services \u00e0 la carte et de qualit\u00e9 : Photographie, r\u00e9alisation vid\u00e9o, post-production....","breadcrumb":{"@id":"https:\/\/www.frvisuals.com\/services#breadcrumb"},"inLanguage":"en-US","potentialAction":[{"@type":"ReadAction","target":["https:\/\/www.frvisuals.com\/services"]}]},{"@type":"ImageObject","inLanguage":"en-US","@id":"https:\/\/www.frvisuals.com\/services#primaryimage","url":"https:\/\/www.frvisuals.com\/wp-content\/uploads\/2019\/10\/Frvisuals.com_-1.jpg","contentUrl":"https:\/\/www.frvisuals.com\/wp-content\/uploads\/2019\/10\/Frvisuals.com_-1.jpg","width":840,"height":630},{"@type":"BreadcrumbList","@id":"https:\/\/www.frvisuals.com\/services#breadcrumb","itemListElement":[{"@type":"ListItem","position":1,"name":"Accueil","item":"https:\/\/www.frvisuals.com\/en\/"},{"@type":"ListItem","position":2,"name":"Services"}]},{"@type":"WebSite","@id":"https:\/\/www.frvisuals.com\/en\/#website","url":"https:\/\/www.frvisuals.com\/en\/","name":"FR Visuals Drone Photography &amp; Solutions","description":"Laissez votre imagination s&#039;envoler","publisher":{"@id":"https:\/\/www.frvisuals.com\/en\/#organization"},"potentialAction":[{"@type":"SearchAction","target":{"@type":"EntryPoint","urlTemplate":"https:\/\/www.frvisuals.com\/en\/?s={search_term_string}"},"query-input":"required name=search_term_string"}],"inLanguage":"en-US"},{"@type":"Organization","@id":"https:\/\/www.frvisuals.com\/en\/#organization","name":"FR Visuals","url":"https:\/\/www.frvisuals.com\/en\/","logo":{"@type":"ImageObject","inLanguage":"en-US","@id":"https:\/\/www.frvisuals.com\/en\/#\/schema\/logo\/image\/","url":"https:\/\/www.frvisuals.com\/wp-content\/uploads\/2018\/03\/FRVisuals_Logo_vectorized-black.png","contentUrl":"https:\/\/www.frvisuals.com\/wp-content\/uploads\/2018\/03\/FRVisuals_Logo_vectorized-black.png","width":2442,"height":793,"caption":"FR Visuals"},"image":{"@id":"https:\/\/www.frvisuals.com\/en\/#\/schema\/logo\/image\/"},"sameAs":["http:\/\/facebook.com\/frvisuals.fr","http:\/\/instagram.com\/frvisuals","http:\/\/youtube.com\/flawlesstrip"]}]}},"_links":{"self":[{"href":"https:\/\/www.frvisuals.com\/en\/wp-json\/wp\/v2\/pages\/27","targetHints":{"allow":["GET"]}}],"collection":[{"href":"https:\/\/www.frvisuals.com\/en\/wp-json\/wp\/v2\/pages"}],"about":[{"href":"https:\/\/www.frvisuals.com\/en\/wp-json\/wp\/v2\/types\/page"}],"author":[{"embeddable":true,"href":"https:\/\/www.frvisuals.com\/en\/wp-json\/wp\/v2\/users\/1"}],"replies":[{"embeddable":true,"href":"https:\/\/www.frvisuals.com\/en\/wp-json\/wp\/v2\/comments?post=27"}],"version-history":[{"count":48,"href":"https:\/\/www.frvisuals.com\/en\/wp-json\/wp\/v2\/pages\/27\/revisions"}],"predecessor-version":[{"id":570,"href":"https:\/\/www.frvisuals.com\/en\/wp-json\/wp\/v2\/pages\/27\/revisions\/570"}],"wp:featuredmedia":[{"embeddable":true,"href":"https:\/\/www.frvisuals.com\/en\/wp-json\/wp\/v2\/media\/555"}],"wp:attachment":[{"href":"https:\/\/www.frvisuals.com\/en\/wp-json\/wp\/v2\/media?parent=27"}],"curies":[{"name":"wp","href":"https:\/\/api.w.org\/{rel}","templated":true}]}}